{"id":2,"date":"2017-08-07T14:09:42","date_gmt":"2017-08-07T12:09:42","guid":{"rendered":"http:\/\/karatepalavas.fr\/?page_id=2"},"modified":"2025-12-19T09:08:49","modified_gmt":"2025-12-19T08:08:49","slug":"page-d-exemple","status":"publish","type":"page","link":"https:\/\/karatepalavas.fr\/?page_id=2","title":{"rendered":"HORAIRES \/ TARIFS"},"content":{"rendered":"\n<figure class=\"wp-block-image size-large\"><img loading=\"lazy\" decoding=\"async\" width=\"484\" height=\"1024\" src=\"https:\/\/karatepalavas.fr\/wp-content\/uploads\/2025\/07\/KARATE-PALAVAS-484x1024.png\" alt=\"\" class=\"wp-image-1758\" srcset=\"https:\/\/karatepalavas.fr\/wp-content\/uploads\/2025\/07\/KARATE-PALAVAS-484x1024.png 484w, https:\/\/karatepalavas.fr\/wp-content\/uploads\/2025\/07\/KARATE-PALAVAS-142x300.png 142w, https:\/\/karatepalavas.fr\/wp-content\/uploads\/2025\/07\/KARATE-PALAVAS.png 667w\" sizes=\"auto, (max-width: 484px) 100vw, 484px\" \/><\/figure>\n\n\n\n<p>BABY KARATE : 3 \u00e0 5 ans <br>ENFANTS DEBUTANTS : 5 \u00e0 10 ans ( ceinture blanche \u00e0 ceinture jaune )<br>ENFANTS GRADES : 6 \u00e0 13 ans ( minimum ceinture jaune )<br>ADULTES : \u00e0 partir de 14 ans <br>ADULTES GRADES : \u00e0 partir de ceinture Marron<br>BODY KARATE : ouvert \u00e0 tous et \u00e0 toutes \u00e0 partir de 14 ans <br>COURS COMPETITION : Sur s\u00e9lection des professeurs.<br>SECTION SENIOR : \u00e0 partir de 65 ans et +<br><br>TARIFS : La cotisation est un abonnement, elle ne pr\u00e9sage pas de l&rsquo;assiduit\u00e9 de l&rsquo;adh\u00e9rent, elle n&rsquo;est ni remboursable, ni transmissible.<\/p>\n\n\n\n<p><\/p>\n\n\n\n<p><\/p>\n","protected":false},"excerpt":{"rendered":"<p>BABY KARATE : 3 \u00e0 5 ans ENFANTS DEBUTANTS : 5 \u00e0 10 ans ( ceinture blanche \u00e0 ceinture jaune )ENFANTS GRADES : 6 \u00e0 13 ans ( minimum ceinture jaune )ADULTES : \u00e0 partir de 14 ans ADULTES GRADES : \u00e0 partir de ceinture MarronBODY KARATE : ouvert \u00e0 tous et \u00e0 toutes \u00e0 &hellip; <\/p>\n<p class=\"link-more\"><a href=\"https:\/\/karatepalavas.fr\/?page_id=2\" class=\"more-link\">Read More<span class=\"screen-reader-text\"> \u00ab\u00a0HORAIRES \/ TARIFS\u00a0\u00bb<\/span><\/a><\/p>\n","protected":false},"author":1,"featured_media":0,"parent":0,"menu_order":0,"comment_status":"closed","ping_status":"closed","template":"","meta":{"footnotes":""},"class_list":["post-2","page","type-page","status-publish","hentry"],"_links":{"self":[{"href":"https:\/\/karatepalavas.fr\/index.php?rest_route=\/wp\/v2\/pages\/2","targetHints":{"allow":["GET"]}}],"collection":[{"href":"https:\/\/karatepalavas.fr\/index.php?rest_route=\/wp\/v2\/pages"}],"about":[{"href":"https:\/\/karatepalavas.fr\/index.php?rest_route=\/wp\/v2\/types\/page"}],"author":[{"embeddable":true,"href":"https:\/\/karatepalavas.fr\/index.php?rest_route=\/wp\/v2\/users\/1"}],"replies":[{"embeddable":true,"href":"https:\/\/karatepalavas.fr\/index.php?rest_route=%2Fwp%2Fv2%2Fcomments&post=2"}],"version-history":[{"count":24,"href":"https:\/\/karatepalavas.fr\/index.php?rest_route=\/wp\/v2\/pages\/2\/revisions"}],"predecessor-version":[{"id":1797,"href":"https:\/\/karatepalavas.fr\/index.php?rest_route=\/wp\/v2\/pages\/2\/revisions\/1797"}],"wp:attachment":[{"href":"https:\/\/karatepalavas.fr\/index.php?rest_route=%2Fwp%2Fv2%2Fmedia&parent=2"}],"curies":[{"name":"wp","href":"https:\/\/api.w.org\/{rel}","templated":true}]}}