{"id":278,"date":"2018-01-04T09:47:27","date_gmt":"2018-01-04T08:47:27","guid":{"rendered":"http:\/\/karatepalavas.fr\/?page_id=278"},"modified":"2022-08-22T15:26:48","modified_gmt":"2022-08-22T13:26:48","slug":"lexique","status":"publish","type":"page","link":"https:\/\/karatepalavas.fr\/?page_id=278","title":{"rendered":"R\u00c9VISION"},"content":{"rendered":"<p><span style=\"color: #ff0000;\"><strong>KATAS<\/strong><\/span><\/p>\n<p>R\u00e9vision des 6 premiers katas dans cette vid\u00e9o<\/p>\n<p><iframe loading=\"lazy\" title=\"KARAT\u00c9 EXPERT - PASSAGE DE GRADES - Les 6 Kata du Karat\u00e9 Shotokan, par \u00c9ric Delannoy...\" width=\"640\" height=\"360\" src=\"https:\/\/www.youtube.com\/embed\/h5UAm8cRka4?feature=oembed\" frameborder=\"0\" allow=\"accelerometer; autoplay; clipboard-write; encrypted-media; gyroscope; picture-in-picture; web-share\" referrerpolicy=\"strict-origin-when-cross-origin\" allowfullscreen><\/iframe><\/p>\n<p><strong><span style=\"color: #ff0000;\">POSITIONS \u00a0BLOCAGES ET ATTAQUES<br \/>\n<\/span><\/strong><\/p>\n<div id='gallery-1' class='gallery galleryid-278 gallery-columns-3 gallery-size-large'><figure class='gallery-item'>\n\t\t\t<div class='gallery-icon landscape'>\n\t\t\t\t<a href='https:\/\/karatepalavas.fr\/?attachment_id=280'><img loading=\"lazy\" decoding=\"async\" width=\"480\" height=\"360\" src=\"https:\/\/karatepalavas.fr\/wp-content\/uploads\/2018\/01\/26166948_1668535739835168_8754410293933225264_n.jpg\" class=\"attachment-large size-large\" alt=\"\" aria-describedby=\"gallery-1-280\" srcset=\"https:\/\/karatepalavas.fr\/wp-content\/uploads\/2018\/01\/26166948_1668535739835168_8754410293933225264_n.jpg 480w, https:\/\/karatepalavas.fr\/wp-content\/uploads\/2018\/01\/26166948_1668535739835168_8754410293933225264_n-300x225.jpg 300w\" sizes=\"auto, (max-width: 480px) 100vw, 480px\" \/><\/a>\n\t\t\t<\/div>\n\t\t\t\t<figcaption class='wp-caption-text gallery-caption' id='gallery-1-280'>\n\t\t\t\tPOSITIONS\n\t\t\t\t<\/figcaption><\/figure><figure class='gallery-item'>\n\t\t\t<div class='gallery-icon portrait'>\n\t\t\t\t<a href='https:\/\/karatepalavas.fr\/?attachment_id=279'><img loading=\"lazy\" decoding=\"async\" width=\"480\" height=\"681\" src=\"https:\/\/karatepalavas.fr\/wp-content\/uploads\/2018\/01\/26165397_1668535743168501_7778454441465212052_n.jpg\" class=\"attachment-large size-large\" alt=\"\" aria-describedby=\"gallery-1-279\" srcset=\"https:\/\/karatepalavas.fr\/wp-content\/uploads\/2018\/01\/26165397_1668535743168501_7778454441465212052_n.jpg 480w, https:\/\/karatepalavas.fr\/wp-content\/uploads\/2018\/01\/26165397_1668535743168501_7778454441465212052_n-211x300.jpg 211w\" sizes=\"auto, (max-width: 480px) 100vw, 480px\" \/><\/a>\n\t\t\t<\/div>\n\t\t\t\t<figcaption class='wp-caption-text gallery-caption' id='gallery-1-279'>\n\t\t\t\tBLOCAGES\n\t\t\t\t<\/figcaption><\/figure><figure class='gallery-item'>\n\t\t\t<div class='gallery-icon portrait'>\n\t\t\t\t<a href='https:\/\/karatepalavas.fr\/?attachment_id=292'><img loading=\"lazy\" decoding=\"async\" width=\"640\" height=\"698\" src=\"https:\/\/karatepalavas.fr\/wp-content\/uploads\/2018\/01\/tsuki-939x1024.jpeg\" class=\"attachment-large size-large\" alt=\"\" aria-describedby=\"gallery-1-292\" srcset=\"https:\/\/karatepalavas.fr\/wp-content\/uploads\/2018\/01\/tsuki-939x1024.jpeg 939w, https:\/\/karatepalavas.fr\/wp-content\/uploads\/2018\/01\/tsuki-275x300.jpeg 275w, https:\/\/karatepalavas.fr\/wp-content\/uploads\/2018\/01\/tsuki-768x837.jpeg 768w, https:\/\/karatepalavas.fr\/wp-content\/uploads\/2018\/01\/tsuki.jpeg 1442w\" sizes=\"auto, (max-width: 640px) 100vw, 640px\" \/><\/a>\n\t\t\t<\/div>\n\t\t\t\t<figcaption class='wp-caption-text gallery-caption' id='gallery-1-292'>\n\t\t\t\tTSUKI\n\t\t\t\t<\/figcaption><\/figure><figure class='gallery-item'>\n\t\t\t<div class='gallery-icon portrait'>\n\t\t\t\t<a href='https:\/\/karatepalavas.fr\/?attachment_id=291'><img loading=\"lazy\" decoding=\"async\" width=\"530\" height=\"1024\" src=\"https:\/\/karatepalavas.fr\/wp-content\/uploads\/2018\/01\/niveaux-530x1024.jpeg\" class=\"attachment-large size-large\" alt=\"\" aria-describedby=\"gallery-1-291\" srcset=\"https:\/\/karatepalavas.fr\/wp-content\/uploads\/2018\/01\/niveaux-530x1024.jpeg 530w, https:\/\/karatepalavas.fr\/wp-content\/uploads\/2018\/01\/niveaux-155x300.jpeg 155w, https:\/\/karatepalavas.fr\/wp-content\/uploads\/2018\/01\/niveaux-768x1484.jpeg 768w, https:\/\/karatepalavas.fr\/wp-content\/uploads\/2018\/01\/niveaux.jpeg 820w\" sizes=\"auto, (max-width: 530px) 100vw, 530px\" \/><\/a>\n\t\t\t<\/div>\n\t\t\t\t<figcaption class='wp-caption-text gallery-caption' id='gallery-1-291'>\n\t\t\t\tNIVEAUX\n\t\t\t\t<\/figcaption><\/figure><figure class='gallery-item'>\n\t\t\t<div class='gallery-icon landscape'>\n\t\t\t\t<a href='https:\/\/karatepalavas.fr\/?attachment_id=290'><img loading=\"lazy\" decoding=\"async\" width=\"640\" height=\"561\" src=\"https:\/\/karatepalavas.fr\/wp-content\/uploads\/2018\/01\/Geri-1024x898.jpeg\" class=\"attachment-large size-large\" alt=\"\" aria-describedby=\"gallery-1-290\" srcset=\"https:\/\/karatepalavas.fr\/wp-content\/uploads\/2018\/01\/Geri-1024x898.jpeg 1024w, https:\/\/karatepalavas.fr\/wp-content\/uploads\/2018\/01\/Geri-300x263.jpeg 300w, https:\/\/karatepalavas.fr\/wp-content\/uploads\/2018\/01\/Geri-768x673.jpeg 768w, https:\/\/karatepalavas.fr\/wp-content\/uploads\/2018\/01\/Geri.jpeg 1734w\" sizes=\"auto, (max-width: 640px) 100vw, 640px\" \/><\/a>\n\t\t\t<\/div>\n\t\t\t\t<figcaption class='wp-caption-text gallery-caption' id='gallery-1-290'>\n\t\t\t\tGERI\n\t\t\t\t<\/figcaption><\/figure><figure class='gallery-item'>\n\t\t\t<div class='gallery-icon portrait'>\n\t\t\t\t<a href='https:\/\/karatepalavas.fr\/?attachment_id=683'><img loading=\"lazy\" decoding=\"async\" width=\"204\" height=\"247\" src=\"https:\/\/karatepalavas.fr\/wp-content\/uploads\/2022\/08\/images.jpeg\" class=\"attachment-large size-large\" alt=\"\" aria-describedby=\"gallery-1-683\" \/><\/a>\n\t\t\t<\/div>\n\t\t\t\t<figcaption class='wp-caption-text gallery-caption' id='gallery-1-683'>\n\t\t\t\tCOMPTER\n\t\t\t\t<\/figcaption><\/figure>\n\t\t<\/div>\n\n<p style=\"text-align: left;\"><strong><span style=\"color: #ff0000;\">SAVOIR COMPTER EN JAPONAIS<\/span><\/strong><\/p>\n","protected":false},"excerpt":{"rendered":"<p>KATAS R\u00e9vision des 6 premiers katas dans cette vid\u00e9o POSITIONS \u00a0BLOCAGES ET ATTAQUES SAVOIR COMPTER EN JAPONAIS<\/p>\n","protected":false},"author":1,"featured_media":0,"parent":0,"menu_order":0,"comment_status":"closed","ping_status":"closed","template":"","meta":{"footnotes":""},"class_list":["post-278","page","type-page","status-publish","hentry"],"_links":{"self":[{"href":"https:\/\/karatepalavas.fr\/index.php?rest_route=\/wp\/v2\/pages\/278","targetHints":{"allow":["GET"]}}],"collection":[{"href":"https:\/\/karatepalavas.fr\/index.php?rest_route=\/wp\/v2\/pages"}],"about":[{"href":"https:\/\/karatepalavas.fr\/index.php?rest_route=\/wp\/v2\/types\/page"}],"author":[{"embeddable":true,"href":"https:\/\/karatepalavas.fr\/index.php?rest_route=\/wp\/v2\/users\/1"}],"replies":[{"embeddable":true,"href":"https:\/\/karatepalavas.fr\/index.php?rest_route=%2Fwp%2Fv2%2Fcomments&post=278"}],"version-history":[{"count":29,"href":"https:\/\/karatepalavas.fr\/index.php?rest_route=\/wp\/v2\/pages\/278\/revisions"}],"predecessor-version":[{"id":688,"href":"https:\/\/karatepalavas.fr\/index.php?rest_route=\/wp\/v2\/pages\/278\/revisions\/688"}],"wp:attachment":[{"href":"https:\/\/karatepalavas.fr\/index.php?rest_route=%2Fwp%2Fv2%2Fmedia&parent=278"}],"curies":[{"name":"wp","href":"https:\/\/api.w.org\/{rel}","templated":true}]}}